{"id":9717,"date":"2024-09-30T16:45:59","date_gmt":"2024-09-30T14:45:59","guid":{"rendered":"https:\/\/www.gabinetmodernista.com\/producto\/batllo-latch\/"},"modified":"2026-04-02T09:22:29","modified_gmt":"2026-04-02T07:22:29","slug":"batllo-latch","status":"publish","type":"product","link":"https:\/\/www.gabinetmodernista.com\/en\/producto\/batllo-latch\/","title":{"rendered":"BATLL\u00d3 LATCH"},"content":{"rendered":"<p data-start=\"248\" data-end=\"641\">The Batll\u00f3 latch, designed by Antoni Gaud\u00ed around 1906 for the Casa Batll\u00f3 in Barcelona, is a piece that demonstrates how even the most functional elements can be transformed into artistic objects when they pass through the eyes of the modernist genius. Made of polished brass, this small doorknob combines formal elegance with a deeply organic and symbolic design.<\/p>\n<p data-start=\"643\" data-end=\"1022\">Its symmetrical silhouette, with curved ends and a slender central body, is reminiscent of a bone, a plant shoot or even a marine form, integrating natural references into an everyday object. Despite its small size, the Batll\u00f3 latch conveys a powerful sense of balance and sophistication, while comfortably adapting to the movement of the hand.<\/p>\n<p data-start=\"1024\" data-end=\"1400\">Gaud\u00ed conceived these elements not as simple mechanisms, but as extensions of the architectural language of his buildings. In this case, the latch interacts with the undulating forms of Casa Batll\u00f3, reinforcing the aesthetic and conceptual coherence of the whole. Each turn of this knob thus becomes an act that connects the user with the work of art they inhabit.<\/p>\n<p data-start=\"1402\" data-end=\"1693\">Today, this piece is reproduced using traditional techniques that faithfully respect the original design, both in terms of its proportions and the materials and finishes used. The Batll\u00f3 latch is yet another example of Gaud\u00ed&#8217;s commitment to integral beauty, in which no detail is insignificant.<\/p>\n","protected":false},"excerpt":{"rendered":"<hr \/>\n<h3><span style=\"color: #808080;\"><strong>Antoni Gaud\u00ed i Cornet<\/strong><\/span><\/h3>\n<p><span style=\"color: #808080;\"><strong>Material<\/strong><\/span><\/p>\n<p><span style=\"color: #808080;\">\u2022\u00a0Solid brass<\/span><\/p>\n<p><span style=\"color: #808080;\"><strong>Dimensions<\/strong><\/span><\/p>\n<p><span style=\"color: #808080;\">\u2022 Long: 5 cm<\/span><br \/>\n<span style=\"color: #808080;\">\u2022 Wide: 1 cm<\/span><br \/>\n<span style=\"color: #808080;\">\u2022\u00a0Height: 3 cm<\/span><br \/>\n<span style=\"color: #808080;\">\u2022 Weight: 0,05 kg<\/span><\/p>\n<p><span style=\"color: #808080;\"><strong>Availability<\/strong><\/span><\/p>\n<p><span style=\"color: #808080;\">\u2022\u00a0Estimated delivery, approximately 4-6 weeks after order confirmation<\/span><br \/>\n<span style=\"color: #808080;\">\u2022\u00a0Limited edition<\/span><br \/>\n<span style=\"color: #808080;\">\u2022\u00a0Includes certificate of authenticity<\/span><\/p>\n<p><span style=\"color: #808080;\"><strong>Shipping<\/strong><\/span><\/p>\n<p><span style=\"color: #808080;\">\u2022\u00a0Domestic and international shipments<\/span><br \/>\n<span style=\"color: #808080;\">\u2022\u00a0Safe and secure packaging<\/span><\/p>\n","protected":false},"featured_media":9718,"template":"","meta":{"_joinchat":[]},"product_brand":[],"product_cat":[271,283,273,268,354],"product_tag":[],"class_list":{"0":"post-9717","1":"product","2":"type-product","3":"status-publish","4":"has-post-thumbnail","6":"product_cat-antoni-gaudi-en","7":"product_cat-batllo-house","8":"product_cat-hardware","9":"product_cat-metal-working","10":"product_cat-latch","12":"first","13":"instock","14":"taxable","15":"shipping-taxable","16":"purchasable","17":"product-type-variable"},"_links":{"self":[{"href":"https:\/\/www.gabinetmodernista.com\/en\/wp-json\/wp\/v2\/product\/9717","targetHints":{"allow":["GET"]}}],"collection":[{"href":"https:\/\/www.gabinetmodernista.com\/en\/wp-json\/wp\/v2\/product"}],"about":[{"href":"https:\/\/www.gabinetmodernista.com\/en\/wp-json\/wp\/v2\/types\/product"}],"wp:featuredmedia":[{"embeddable":true,"href":"https:\/\/www.gabinetmodernista.com\/en\/wp-json\/wp\/v2\/media\/9718"}],"wp:attachment":[{"href":"https:\/\/www.gabinetmodernista.com\/en\/wp-json\/wp\/v2\/media?parent=9717"}],"wp:term":[{"taxonomy":"product_brand","embeddable":true,"href":"https:\/\/www.gabinetmodernista.com\/en\/wp-json\/wp\/v2\/product_brand?post=9717"},{"taxonomy":"product_cat","embeddable":true,"href":"https:\/\/www.gabinetmodernista.com\/en\/wp-json\/wp\/v2\/product_cat?post=9717"},{"taxonomy":"product_tag","embeddable":true,"href":"https:\/\/www.gabinetmodernista.com\/en\/wp-json\/wp\/v2\/product_tag?post=9717"}],"curies":[{"name":"wp","href":"https:\/\/api.w.org\/{rel}","templated":true}]}}