{"id":9444,"date":"2023-12-15T12:09:20","date_gmt":"2023-12-15T10:09:20","guid":{"rendered":"https:\/\/www.gabinetmodernista.com\/cookies-policy\/"},"modified":"2025-12-30T10:44:01","modified_gmt":"2025-12-30T08:44:01","slug":"cookies-policy","status":"publish","type":"page","link":"https:\/\/www.gabinetmodernista.com\/en\/cookies-policy\/","title":{"rendered":"Cookies Policy"},"content":{"rendered":"<div class=\"wpb-content-wrapper\"><p>[vc_section][vc_row][vc_column]<div class=\"wpb_content_element \"><style type=\"text\/css\">#ut_header_6a05d07ede863 h2.section-title, #ut_header_6a05d07ede863 h2.section-title span { color:#e0904a; }#ut_header_6a05d07ede863 h2.section-title{ font-family: \"Leckerli One\";font-weight:400;font-style:normal; }#ut_header_6a05d07ede863 h2.section-title { font-size:45px !important;line-height:55px !important; }#ut_header_6a05d07ede863.pt-style-2 .page-title span:after, #ut_header_6a05d07ede863.pt-style-2 .parallax-title span:after, #ut_header_6a05d07ede863.pt-style-2 .section-title span:after { background-color:#e0904a !important;}<\/style><header id=\"ut_header_6a05d07ede863\" class=\"section-header  ut-no-title-linebreak-mobile ut-no-lead-linebreak-mobile pt-style-2 header-left header-tablet-left header-mobile-left element-with-custom-line-height\"><div class=\"element-with-custom-line-height\" ><h2 data-title=\"Cookies Policy\"  data-responsive-font=\"section_title\" data-responsive-font-settings=\"{&quot;base-font-size&quot;:&quot;global&quot;,&quot;font-size&quot;:{&quot;desktop_large&quot;:&quot;45&quot;},&quot;base-line-height&quot;:&quot;global&quot;,&quot;line-height&quot;:{&quot;desktop_large&quot;:&quot;55&quot;},&quot;base-letter-spacing&quot;:&quot;global&quot;}\" class=\"section-title  \"><span>Cookies Policy<\/span><\/h2><\/div><\/header><\/div><div class=\"wpb_content_element \"><style type=\"text\/css\">#ut_header_6a05d07ee1ce2 h5.section-title, #ut_header_6a05d07ee1ce2 h5.section-title span { color:#464646; }#ut_header_6a05d07ee1ce2 h5.section-title{ font-family: \"Leckerli One\";font-weight:400;font-style:normal; }#ut_header_6a05d07ee1ce2 h5.section-title { font-size:25px !important;line-height:55px !important; }#ut_header_6a05d07ee1ce2.pt-style-2 .page-title span:after, #ut_header_6a05d07ee1ce2.pt-style-2 .parallax-title span:after, #ut_header_6a05d07ee1ce2.pt-style-2 .section-title span:after { background-color:#464646 !important;}<\/style><header id=\"ut_header_6a05d07ee1ce2\" class=\"section-header  ut-no-title-linebreak-mobile ut-no-lead-linebreak-mobile pt-style-2 header-left header-tablet-left header-mobile-left element-with-custom-line-height\"><div class=\"element-with-custom-line-height\" ><h5 data-title=\"What is a cookie?\"  data-responsive-font=\"section_title\" data-responsive-font-settings=\"{&quot;base-font-size&quot;:&quot;25&quot;,&quot;font-size-unit&quot;:&quot;px&quot;,&quot;font-size&quot;:{&quot;desktop_large&quot;:&quot;25&quot;},&quot;base-line-height&quot;:&quot;global&quot;,&quot;line-height&quot;:{&quot;desktop_large&quot;:&quot;55&quot;},&quot;base-letter-spacing&quot;:&quot;global&quot;}\" class=\"section-title  \"><span>What is a cookie?<\/span><\/h5><\/div><\/header><\/div>[vc_column_text css=&#8221;&#8221;]Una cookie es un archivo que se descarga en su ordenador al acceder el Usuario a determinadas p\u00e1ginas web. Las cookies permiten a una p\u00e1gina web, entre otras cosas, almacenar y recuperar informaci\u00f3n sobre los h\u00e1bitos de navegaci\u00f3n de un usuario o de su equipo y, dependiendo de la informaci\u00f3n que contengan y de la forma en que utilice su equipo, se pueden utilizar para reconocer al usuario.[\/vc_column_text][\/vc_column][\/vc_row][vc_row][vc_column]<div class=\"wpb_content_element \"><style type=\"text\/css\">#ut_header_6a05d07ee24fe h5.section-title, #ut_header_6a05d07ee24fe h5.section-title span { color:#464646; }#ut_header_6a05d07ee24fe h5.section-title{ font-family: \"Leckerli One\";font-weight:400;font-style:normal; }#ut_header_6a05d07ee24fe h5.section-title { font-size:25px !important;line-height:55px !important; }#ut_header_6a05d07ee24fe.pt-style-2 .page-title span:after, #ut_header_6a05d07ee24fe.pt-style-2 .parallax-title span:after, #ut_header_6a05d07ee24fe.pt-style-2 .section-title span:after { background-color:#464646 !important;}<\/style><header id=\"ut_header_6a05d07ee24fe\" class=\"section-header  ut-no-title-linebreak-mobile ut-no-lead-linebreak-mobile pt-style-2 header-left header-tablet-left header-mobile-left element-with-custom-line-height\"><div class=\"element-with-custom-line-height\" ><h5 data-title=\"What types of cookies are there?\"  data-responsive-font=\"section_title\" data-responsive-font-settings=\"{&quot;base-font-size&quot;:&quot;25&quot;,&quot;font-size-unit&quot;:&quot;px&quot;,&quot;font-size&quot;:{&quot;desktop_large&quot;:&quot;25&quot;},&quot;base-line-height&quot;:&quot;global&quot;,&quot;line-height&quot;:{&quot;desktop_large&quot;:&quot;55&quot;},&quot;base-letter-spacing&quot;:&quot;global&quot;}\" class=\"section-title  \"><span>What types of cookies are there?<\/span><\/h5><\/div><\/header><\/div>[vc_column_text css=&#8221;&#8221;]Existen varios tipos de cookies en funci\u00f3n de diferentes criterios:<\/p>\n<p><strong>En funci\u00f3n del tiempo que permanecen activados:<\/strong><\/p>\n<p><strong>Cookies de sesi\u00f3n<\/strong>: Son un tipo de cookies dise\u00f1adas para recabar y almacenar datos mientras el usuario accede a una p\u00e1gina web.<br \/>\n<strong>Cookies permanentes<\/strong>: Son un tipo de cookies en las que los datos siguen almacenados en el terminal y pueden ser accedidos y tratados durante un per\u00edodo definido por el responsable de la cookie.<\/p>\n<p><strong>En funci\u00f3n de la titularidad:<\/strong><\/p>\n<p><strong>Cookies propias<\/strong>: Son los que pertenecen a ISAAC CASTILLA BANTOLRA.<br \/>\n<strong>Cookies de terceros<\/strong>: Son aquellas cuya titularidad es de un tercero, distinto de ISAAC CASTILLA BANTOLRA, que ser\u00e1 quien trate la informaci\u00f3n recogida.<\/p>\n<p><strong>En funci\u00f3n de la finalidad:<\/strong><\/p>\n<p><strong>Cookies t\u00e9cnicas y\/o de personalizaci\u00f3n<\/strong>: Son los que sirven para mejorar el servicio, localizar incidencias, reconocer al usuario, etc.<br \/>\n<strong>Cookies de an\u00e1lisis y\/o de publicidad<\/strong>: Son aqu\u00e9llas que sirven para analizar informaci\u00f3n sobre la navegaci\u00f3n y ofrecer publicidad, sea gen\u00e9rica o personalizada.[\/vc_column_text][\/vc_column][\/vc_row][vc_row][vc_column]<div class=\"wpb_content_element \"><style type=\"text\/css\">#ut_header_6a05d07ee2ce9 h5.section-title, #ut_header_6a05d07ee2ce9 h5.section-title span { color:#464646; }#ut_header_6a05d07ee2ce9 h5.section-title{ font-family: \"Leckerli One\";font-weight:400;font-style:normal; }#ut_header_6a05d07ee2ce9 h5.section-title { font-size:25px !important;line-height:55px !important; }#ut_header_6a05d07ee2ce9.pt-style-2 .page-title span:after, #ut_header_6a05d07ee2ce9.pt-style-2 .parallax-title span:after, #ut_header_6a05d07ee2ce9.pt-style-2 .section-title span:after { background-color:#464646 !important;}<\/style><header id=\"ut_header_6a05d07ee2ce9\" class=\"section-header  ut-no-title-linebreak-mobile ut-no-lead-linebreak-mobile pt-style-2 header-left header-tablet-left header-mobile-left element-with-custom-line-height\"><div class=\"element-with-custom-line-height\" ><h5 data-title=\"What types of cookies are most common?\"  data-responsive-font=\"section_title\" data-responsive-font-settings=\"{&quot;base-font-size&quot;:&quot;25&quot;,&quot;font-size-unit&quot;:&quot;px&quot;,&quot;font-size&quot;:{&quot;desktop_large&quot;:&quot;25&quot;},&quot;base-line-height&quot;:&quot;global&quot;,&quot;line-height&quot;:{&quot;desktop_large&quot;:&quot;55&quot;},&quot;base-letter-spacing&quot;:&quot;global&quot;}\" class=\"section-title  \"><span>What types of cookies are most common?<\/span><\/h5><\/div><\/header><\/div>[vc_column_text css=&#8221;&#8221;]<strong>T\u00c9CNICAS<\/strong>: Son cookies PROPIAS, de sesi\u00f3n, identificaci\u00f3n, configuraci\u00f3n y registro, estrictamente necesarias para la identificaci\u00f3n del usuario y para la prestaci\u00f3n de los servicios solicitados por el usuario. La informaci\u00f3n obtenida a trav\u00e9s de las mismas es tratada \u00fanicamente por ISAAC CASTILLA BANTOLRA.<\/p>\n<p><strong>DE AN\u00c1LISIS<\/strong>: Son aquellas que, bien tratadas por nosotros o por terceros, nos permiten cuantificar el nombre de usuarios y as\u00ed realizar la medici\u00f3n y el an\u00e1lisis estad\u00edstico de la utilizaci\u00f3n que realizan los usuarios del servicio ofrecido. Por eso se analiza su navegaci\u00f3n en nuestra p\u00e1gina web para mejorar la oferta de productos o servicios que le ofrecemos.<\/p>\n<p><strong>DE PUBLICIDAD<\/strong>: Son aquellas que, bien tratadas por nosotros o por terceros, permiten la gesti\u00f3n, de la forma m\u00e1s eficaz posible, de los espacios publicitarios que se puedan incluir en nuestra p\u00e1gina web y\/o almacenen informaci\u00f3n del comportamiento de los usuarios obtenida a trav\u00e9s de la observaci\u00f3n continua. Gracias a ellas, podemos conocer los h\u00e1bitos de navegaci\u00f3n en Internet y mostrarle publicidad relacionada con su perfil de navegaci\u00f3n.[\/vc_column_text][\/vc_column][\/vc_row][vc_row][vc_column]<div class=\"wpb_content_element \"><style type=\"text\/css\">#ut_header_6a05d07ee34cb h5.section-title, #ut_header_6a05d07ee34cb h5.section-title span { color:#464646; }#ut_header_6a05d07ee34cb h5.section-title{ font-family: \"Leckerli One\";font-weight:400;font-style:normal; }#ut_header_6a05d07ee34cb h5.section-title { font-size:25px !important;line-height:55px !important; }#ut_header_6a05d07ee34cb.pt-style-2 .page-title span:after, #ut_header_6a05d07ee34cb.pt-style-2 .parallax-title span:after, #ut_header_6a05d07ee34cb.pt-style-2 .section-title span:after { background-color:#464646 !important;}<\/style><header id=\"ut_header_6a05d07ee34cb\" class=\"section-header  ut-no-title-linebreak-mobile ut-no-lead-linebreak-mobile pt-style-2 header-left header-tablet-left header-mobile-left element-with-custom-line-height\"><div class=\"element-with-custom-line-height\" ><h5 data-title=\"What is a cookie for?\"  data-responsive-font=\"section_title\" data-responsive-font-settings=\"{&quot;base-font-size&quot;:&quot;25&quot;,&quot;font-size-unit&quot;:&quot;px&quot;,&quot;font-size&quot;:{&quot;desktop_large&quot;:&quot;25&quot;},&quot;base-line-height&quot;:&quot;global&quot;,&quot;line-height&quot;:{&quot;desktop_large&quot;:&quot;55&quot;},&quot;base-letter-spacing&quot;:&quot;global&quot;}\" class=\"section-title  \"><span>What is a cookie for?<\/span><\/h5><\/div><\/header><\/div>[vc_column_text css=&#8221;&#8221;]Las cookies se utilizan para poder ofrecer servicios y\/o publicidad personalizados, para analizar el funcionamiento del sistema, reconocerlo cuando accede como usuario, localizar incidencias y problemas que puedan surgir y resolverlos en el menor plazo posible, as\u00ed como analizar y medir el uso y actividad de la p\u00e1gina web.[\/vc_column_text][\/vc_column][\/vc_row][vc_row][vc_column]<div class=\"wpb_content_element \"><style type=\"text\/css\">#ut_header_6a05d07ee3ca3 h5.section-title, #ut_header_6a05d07ee3ca3 h5.section-title span { color:#464646; }#ut_header_6a05d07ee3ca3 h5.section-title{ font-family: \"Leckerli One\";font-weight:400;font-style:normal; }#ut_header_6a05d07ee3ca3 h5.section-title { font-size:25px !important;line-height:55px !important; }#ut_header_6a05d07ee3ca3.pt-style-2 .page-title span:after, #ut_header_6a05d07ee3ca3.pt-style-2 .parallax-title span:after, #ut_header_6a05d07ee3ca3.pt-style-2 .section-title span:after { background-color:#464646 !important;}<\/style><header id=\"ut_header_6a05d07ee3ca3\" class=\"section-header  ut-no-title-linebreak-mobile ut-no-lead-linebreak-mobile pt-style-2 header-left header-tablet-left header-mobile-left element-with-custom-line-height\"><div class=\"element-with-custom-line-height\" ><h5 data-title=\"Is my consent necessary to implant a cookie?\"  data-responsive-font=\"section_title\" data-responsive-font-settings=\"{&quot;base-font-size&quot;:&quot;25&quot;,&quot;font-size-unit&quot;:&quot;px&quot;,&quot;font-size&quot;:{&quot;desktop_large&quot;:&quot;25&quot;},&quot;base-line-height&quot;:&quot;global&quot;,&quot;line-height&quot;:{&quot;desktop_large&quot;:&quot;55&quot;},&quot;base-letter-spacing&quot;:&quot;global&quot;}\" class=\"section-title  \"><span>Is my consent necessary to implant a cookie?<\/span><\/h5><\/div><\/header><\/div>[vc_column_text css=&#8221;&#8221;]No es necesario el consentimiento para la instalaci\u00f3n de cookies t\u00e9cnicas o las que sean estrictamente necesarias para la prestaci\u00f3n de un servicio de la sociedad de la informaci\u00f3n expresamente solicitado por el destinatario.<\/p>\n<p>Para el resto, s\u00ed es necesario el consentimiento del interesado que se puede solicitar por diferentes v\u00edas. En el caso de ISAAC CASTILLA BANTOLRA, se entender\u00e1 otorgado si sigue usando la p\u00e1gina web, sin perjuicio de que en cualquier momento podr\u00e1 revocarlo y desactivar las cookies.[\/vc_column_text][\/vc_column][\/vc_row][vc_row][vc_column]<div class=\"wpb_content_element \"><style type=\"text\/css\">#ut_header_6a05d07ee4467 h5.section-title, #ut_header_6a05d07ee4467 h5.section-title span { color:#464646; }#ut_header_6a05d07ee4467 h5.section-title{ font-family: \"Leckerli One\";font-weight:400;font-style:normal; }#ut_header_6a05d07ee4467 h5.section-title { font-size:25px !important;line-height:55px !important; }#ut_header_6a05d07ee4467.pt-style-2 .page-title span:after, #ut_header_6a05d07ee4467.pt-style-2 .parallax-title span:after, #ut_header_6a05d07ee4467.pt-style-2 .section-title span:after { background-color:#464646 !important;}<\/style><header id=\"ut_header_6a05d07ee4467\" class=\"section-header  ut-no-title-linebreak-mobile ut-no-lead-linebreak-mobile pt-style-2 header-left header-tablet-left header-mobile-left element-with-custom-line-height\"><div class=\"element-with-custom-line-height\" ><h5 data-title=\"What types of cookies does this website use?\"  data-responsive-font=\"section_title\" data-responsive-font-settings=\"{&quot;base-font-size&quot;:&quot;25&quot;,&quot;font-size-unit&quot;:&quot;px&quot;,&quot;font-size&quot;:{&quot;desktop_large&quot;:&quot;25&quot;},&quot;base-line-height&quot;:&quot;global&quot;,&quot;line-height&quot;:{&quot;desktop_large&quot;:&quot;55&quot;},&quot;base-letter-spacing&quot;:&quot;global&quot;}\" class=\"section-title  \"><span>What types of cookies does this website use?<\/span><\/h5><\/div><\/header><\/div>[vc_column_text css=&#8221;&#8221;]Cookies t\u00e9cnicas: Son aquellas creadas y gestionadas \u00fanicamente por nosotros, y permiten al usuario la navegaci\u00f3n a trav\u00e9s de nuestra p\u00e1gina web y la utilizaci\u00f3n de las diferentes opciones como, por ejemplo, identificar la sesi\u00f3n, personalizar informaci\u00f3n o acceder a zonas de acceso restringido<\/p>\n<p>El sitio web de ISAAC CASTILLA BANTOLRA, utiliza (o puede utilizar) Google Analytics, una herramienta de anal\u00edtica web desarrollada por Google, que ayuda a los propietarios de sitios web a medir c\u00f3mo interact\u00faan los usuarios con el contenido del sitio. Para la prestaci\u00f3n de estos servicios, Google Analytics utiliza cookies que recopilen la informaci\u00f3n, incluida la direcci\u00f3n IP del usuario que ser\u00e1 transmitida, tratada y almacenada por Google en los t\u00e9rminos fijados en la web de Google.com.<\/p>\n<p>Para m\u00e1s informaci\u00f3n vea: <a href=\"https:\/\/developers.google.com\/analytics\/devguides\/collection\/analyticsjs\/cookie-usage\" target=\"_blank\" rel=\"noopener\">https:\/\/developers.google.com\/analytics\/devguides\/collection\/analyticsjs\/cookie-usage<\/a>[\/vc_column_text][\/vc_column][\/vc_row][vc_row][vc_column]<div class=\"wpb_content_element \"><style type=\"text\/css\">#ut_header_6a05d07ee4c64 h5.section-title, #ut_header_6a05d07ee4c64 h5.section-title span { color:#464646; }#ut_header_6a05d07ee4c64 h5.section-title{ font-family: \"Leckerli One\";font-weight:400;font-style:normal; }#ut_header_6a05d07ee4c64 h5.section-title { font-size:25px !important;line-height:55px !important; }#ut_header_6a05d07ee4c64.pt-style-2 .page-title span:after, #ut_header_6a05d07ee4c64.pt-style-2 .parallax-title span:after, #ut_header_6a05d07ee4c64.pt-style-2 .section-title span:after { background-color:#464646 !important;}<\/style><header id=\"ut_header_6a05d07ee4c64\" class=\"section-header  ut-no-title-linebreak-mobile ut-no-lead-linebreak-mobile pt-style-2 header-left header-tablet-left header-mobile-left element-with-custom-line-height\"><div class=\"element-with-custom-line-height\" ><h5 data-title=\"How to disable cookies?\"  data-responsive-font=\"section_title\" data-responsive-font-settings=\"{&quot;base-font-size&quot;:&quot;25&quot;,&quot;font-size-unit&quot;:&quot;px&quot;,&quot;font-size&quot;:{&quot;desktop_large&quot;:&quot;25&quot;},&quot;base-line-height&quot;:&quot;global&quot;,&quot;line-height&quot;:{&quot;desktop_large&quot;:&quot;55&quot;},&quot;base-letter-spacing&quot;:&quot;global&quot;}\" class=\"section-title  \"><span>How to disable cookies?<\/span><\/h5><\/div><\/header><\/div>[vc_column_text css=&#8221;&#8221;]<\/p>\n<div class=\"elementor-element elementor-element-b3963b4 elementor-widget elementor-widget-text-editor\" data-id=\"b3963b4\" data-element_type=\"widget\" data-widget_type=\"text-editor.default\">\n<div class=\"elementor-widget-container\">\n<p>Puede permitir, bloquear o eliminar las cookies instaladas en su equipo mediante la configuraci\u00f3n de las opciones del navegador instalado en su ordenador.<\/p>\n<ul>\n<li><a href=\"https:\/\/support.mozilla.org\/es\/kb\/habilitar-y-deshabilitar-cookies-sitios-web-rastrear-preferencias?redirectlocale=es&amp;redirectslug=habilitar-y-deshabilitar-cookies-que-los-sitios-web\">Firefox<\/a><\/li>\n<li><a href=\"https:\/\/support.google.com\/chrome\/answer\/95647?hl=es\">Chrome<\/a><\/li>\n<li><a href=\"https:\/\/support.microsoft.com\/es-es\/windows\">Internet Explorer<\/a><\/li>\n<li><a href=\"https:\/\/support.apple.com\/es-es\/guide\/safari\/sfri11471\/mac\">Safari<\/a><\/li>\n<li><a href=\"https:\/\/support.apple.com\/es-es\/HT201265\">Safari para iOS<\/a><\/li>\n<li><a href=\"https:\/\/help.opera.com\/en\/latest\/web-preferences\/#cookies\">Opera<\/a><\/li>\n<\/ul>\n<\/div>\n<\/div>\n<p>[\/vc_column_text][\/vc_column][\/vc_row][\/vc_section]<\/p>\n<\/div>","protected":false},"excerpt":{"rendered":"<p>[vc_section][vc_row][vc_column][vc_column_text css=&#8221;&#8221;]Una cookie es un archivo que se descarga en su ordenador al acceder el Usuario a determinadas p\u00e1ginas web. Las cookies permiten a una p\u00e1gina web, entre otras cosas, almacenar y recuperar informaci\u00f3n sobre los h\u00e1bitos de navegaci\u00f3n de un usuario o de su equipo y, dependiendo de la informaci\u00f3n que contengan y de [&hellip;]<\/p>\n","protected":false},"author":1,"featured_media":0,"parent":0,"menu_order":0,"comment_status":"closed","ping_status":"closed","template":"","meta":{"_joinchat":[],"footnotes":""},"class_list":["post-9444","page","type-page","status-publish","hentry"],"_links":{"self":[{"href":"https:\/\/www.gabinetmodernista.com\/en\/wp-json\/wp\/v2\/pages\/9444","targetHints":{"allow":["GET"]}}],"collection":[{"href":"https:\/\/www.gabinetmodernista.com\/en\/wp-json\/wp\/v2\/pages"}],"about":[{"href":"https:\/\/www.gabinetmodernista.com\/en\/wp-json\/wp\/v2\/types\/page"}],"author":[{"embeddable":true,"href":"https:\/\/www.gabinetmodernista.com\/en\/wp-json\/wp\/v2\/users\/1"}],"replies":[{"embeddable":true,"href":"https:\/\/www.gabinetmodernista.com\/en\/wp-json\/wp\/v2\/comments?post=9444"}],"version-history":[{"count":4,"href":"https:\/\/www.gabinetmodernista.com\/en\/wp-json\/wp\/v2\/pages\/9444\/revisions"}],"predecessor-version":[{"id":9475,"href":"https:\/\/www.gabinetmodernista.com\/en\/wp-json\/wp\/v2\/pages\/9444\/revisions\/9475"}],"wp:attachment":[{"href":"https:\/\/www.gabinetmodernista.com\/en\/wp-json\/wp\/v2\/media?parent=9444"}],"curies":[{"name":"wp","href":"https:\/\/api.w.org\/{rel}","templated":true}]}}