{"id":9743,"date":"2024-09-30T17:11:43","date_gmt":"2024-09-30T15:11:43","guid":{"rendered":"https:\/\/www.gabinetmodernista.com\/producto\/espiell-calvet\/"},"modified":"2026-03-02T10:47:00","modified_gmt":"2026-03-02T08:47:00","slug":"espiell-calvet","status":"publish","type":"product","link":"https:\/\/www.gabinetmodernista.com\/ca\/producto\/espiell-calvet\/","title":{"rendered":"ESPIELL CALVET"},"content":{"rendered":"<p data-start=\"192\" data-end=\"581\">L&#8217;espiell Calvet, creat per Antoni Gaud\u00ed cap al 1902 per a la Casa Calvet de Barcelona, \u00e9s una pe\u00e7a que transforma un element discret i funcional en un objecte d&#8217;art. Fet de llaut\u00f3 treballat amb precisi\u00f3, aquest foradet reflecteix la capacitat de Gaud\u00ed d&#8217;impregnar fins i tot els detalls m\u00e9s petits de l&#8217;entorn dom\u00e8stic de significat, bellesa i expressivitat..<\/p>\n<p data-start=\"583\" data-end=\"906\">Lluny de tenir una estructura plana o purament t\u00e8cnica, el foradet adopta una forma org\u00e0nica, ondulada i gaireb\u00e9 escult\u00f2rica. Les seves vores corbes i suaus evoquen elements naturals, com una fulla arrugada o un ull en rep\u00f2s, i creen una pres\u00e8ncia discreta per\u00f2 profundament est\u00e8tica a la porta on est\u00e0 instal\u00b7lat.<\/p>\n<p data-start=\"908\" data-end=\"1264\">A m\u00e9s de complir la seva funci\u00f3 de vigil\u00e0ncia, l&#8217;espiell Calvet actua com a enlla\u00e7 simb\u00f2lic entre l&#8217;interior i l&#8217;exterior de la llar, entre l&#8217;espai \u00edntim i el m\u00f3n exterior. Gaud\u00ed va entendre que cada punt de contacte entre l&#8217;arquitectura i els seus habitants havia de ser dissenyat curosament per inspirar, protegir i emocionar.<\/p>\n<p data-start=\"1266\" data-end=\"1590\">Avui dia, aquesta pe\u00e7a es reprodueix fidelment mitjan\u00e7ant m\u00e8todes artesanals tradicionals, respectant les proporcions, els acabats i els materials del disseny original. El foradet de Calvet \u00e9s una prova m\u00e9s del geni de Gaud\u00ed: cap objecte \u00e9s massa petit per ser bell, significatiu i profundament hum\u00e0.<\/p>\n","protected":false},"excerpt":{"rendered":"<h3><span style=\"color: #808080;\"><strong>Antoni Gaud\u00ed i Cornet<\/strong><\/span><\/h3>\n<p><span style=\"color: #808080;\"><strong>Material<\/strong><\/span><\/p>\n<p><span style=\"color: #808080;\">\u2022 Llaut\u00f3 mass\u00eds<\/span><\/p>\n<p><span style=\"color: #808080;\"><strong>Dimensions<\/strong><\/span><\/p>\n<p><span style=\"color: #808080;\">\u2022 Llarg: 17,7 cm<\/span><br \/>\n<span style=\"color: #808080;\">\u2022 Ample: 20,9 cm<\/span><br \/>\n<span style=\"color: #808080;\">\u2022 Alt: 4,5 cm<\/span><br \/>\n<span style=\"color: #808080;\">\u2022 Pes: 1,805 kg<\/span><\/p>\n<p><span style=\"color: #808080;\"><strong>Disponibilitat<\/strong><\/span><\/p>\n<p><span style=\"color: #808080;\">\u2022 Lliurament estimat, aproximadament 4-6 setmanes des de la confirmaci\u00f3 de la comanda<\/span><br \/>\n<span style=\"color: #808080;\">\u2022 Edici\u00f3 limitada<\/span><br \/>\n<span style=\"color: #808080;\">\u2022 Inclou certificat d&#8217;autenticitat<\/span><\/p>\n<p><span style=\"color: #808080;\"><strong>Enviament<\/strong><\/span><\/p>\n<p><span style=\"color: #808080;\">\u2022 Enviaments nacionals i internacionals<\/span><br \/>\n<span style=\"color: #808080;\">\u2022 Embalatge segur i protegit<\/span><\/p>\n","protected":false},"featured_media":7749,"template":"","meta":{"_joinchat":[]},"product_brand":[],"product_cat":[178,185,184,378,352],"product_tag":[],"class_list":{"0":"post-9743","1":"product","2":"type-product","3":"status-publish","4":"has-post-thumbnail","6":"product_cat-antoni-gaudi-ca","7":"product_cat-ferratges","8":"product_cat-treball-del-metall","9":"product_cat-casa-calvet-ca","10":"product_cat-espiell","12":"first","13":"instock","14":"taxable","15":"shipping-taxable","16":"purchasable","17":"product-type-simple"},"_links":{"self":[{"href":"https:\/\/www.gabinetmodernista.com\/ca\/wp-json\/wp\/v2\/product\/9743","targetHints":{"allow":["GET"]}}],"collection":[{"href":"https:\/\/www.gabinetmodernista.com\/ca\/wp-json\/wp\/v2\/product"}],"about":[{"href":"https:\/\/www.gabinetmodernista.com\/ca\/wp-json\/wp\/v2\/types\/product"}],"wp:featuredmedia":[{"embeddable":true,"href":"https:\/\/www.gabinetmodernista.com\/ca\/wp-json\/wp\/v2\/media\/7749"}],"wp:attachment":[{"href":"https:\/\/www.gabinetmodernista.com\/ca\/wp-json\/wp\/v2\/media?parent=9743"}],"wp:term":[{"taxonomy":"product_brand","embeddable":true,"href":"https:\/\/www.gabinetmodernista.com\/ca\/wp-json\/wp\/v2\/product_brand?post=9743"},{"taxonomy":"product_cat","embeddable":true,"href":"https:\/\/www.gabinetmodernista.com\/ca\/wp-json\/wp\/v2\/product_cat?post=9743"},{"taxonomy":"product_tag","embeddable":true,"href":"https:\/\/www.gabinetmodernista.com\/ca\/wp-json\/wp\/v2\/product_tag?post=9743"}],"curies":[{"name":"wp","href":"https:\/\/api.w.org\/{rel}","templated":true}]}}