{"id":8223,"date":"2025-08-06T18:34:46","date_gmt":"2025-08-06T16:34:46","guid":{"rendered":"https:\/\/www.gabinetmodernista.com\/?post_type=product&#038;p=8223"},"modified":"2026-01-30T09:04:55","modified_gmt":"2026-01-30T07:04:55","slug":"dibujo-casa-batllo","status":"publish","type":"product","link":"https:\/\/www.gabinetmodernista.com\/ca\/producto\/dibujo-casa-batllo\/","title":{"rendered":"DIBUJO\/PLANO T\u00c9CNICO CASA BATLL\u00d3"},"content":{"rendered":"<p>El dibujo en formato de p\u00f3ster de la fachada de la Casa Batll\u00f3, una copia del original dibujado por el arquitecto Hiroya Tanaka, es un documento fascinante que captura la esencia de la obra maestra de Antoni Gaud\u00ed. A diferencia de una fotograf\u00eda, este plano t\u00e9cnico y art\u00edstico se convierte en una herramienta de an\u00e1lisis que descompone la complejidad del edificio en l\u00edneas y sombras, permitiendo una apreciaci\u00f3n m\u00e1s profunda de su estructura y ornamentaci\u00f3n.<\/p>\n<p>El dibujo presenta la fachada en una vista frontal, donde se puede apreciar la &#8220;piel&#8221; de la casa en su totalidad. El tejado, con sus ic\u00f3nicas cumbreras y su cubierta de tejas escamadas, se presenta como el lomo de un drag\u00f3n, un s\u00edmbolo recurrente en la obra de Gaud\u00ed. Las chimeneas, que se elevan como figuras escult\u00f3ricas, a\u00f1aden un toque de fantas\u00eda a la composici\u00f3n. La parte principal de la fachada, con sus balcones de hierro forjado que parecen m\u00e1scaras o cr\u00e1neos, se nos muestra en un intrincado detalle. El trabajo de la luz y la sombra en el dibujo resalta la ondulaci\u00f3n de la fachada, que parece tener una vida propia, un movimiento que rompe con la rigidez del edificio vecino. Las ventanas, con sus formas org\u00e1nicas y sus vidrios emplomados, insin\u00faan el flujo de la luz que ilumina el interior.<br \/>\nEste dibujo no es solo un plano arquitect\u00f3nico; es una obra de arte en s\u00ed misma. Es una manifestaci\u00f3n de la visi\u00f3n de Gaud\u00ed, una representaci\u00f3n de c\u00f3mo la naturaleza, la luz y la fantas\u00eda se unen para crear una obra maestra del Modernismo. En el trazo de Hiroya Tanaka, la Casa Batll\u00f3 revela su alma: un edificio que trasciende su funci\u00f3n para convertirse en un relato visual, un monumento a la creatividad y a la imaginaci\u00f3n que ha perdurado a lo largo del tiempo.<\/p>\n","protected":false},"excerpt":{"rendered":"<p><strong>Hiroya Tanaka<\/strong><\/p>\n<p><strong>Material<\/strong><\/p>\n<p>\u2022 Papel\u00a0 acuarela<\/p>\n<p><strong>Dimensiones<\/strong><\/p>\n<p>\u2022 Largo: 63,8 cm<br \/>\n\u2022 Ancho: 42,7 cm<\/p>\n<p><strong>Disponibilidad<\/strong><\/p>\n<p>\u2022 Entrega estimada, aproximadamente 1 semana desde la confirmaci\u00f3n del pedido<br \/>\n\u2022 Edici\u00f3n limitada<br \/>\n\u2022 Incluye certificado de autenticidad<\/p>\n<p><strong>Env\u00edo<\/strong><\/p>\n<p>\u2022 Env\u00edos nacionales e internacionales<br \/>\n\u2022 Embalaje seguro y protegido<\/p>\n<p>&nbsp;<\/p>\n<p>&nbsp;<\/p>\n<p>&nbsp;<\/p>\n","protected":false},"featured_media":8186,"template":"","meta":{"_joinchat":[]},"product_brand":[],"product_cat":[131,97],"product_tag":[],"class_list":{"0":"post-8223","1":"product","2":"type-product","3":"status-publish","4":"has-post-thumbnail","6":"product_cat-hiroya-tanaka","7":"product_cat-dibujos","9":"first","10":"instock","11":"taxable","12":"shipping-taxable","13":"purchasable","14":"product-type-simple"},"_links":{"self":[{"href":"https:\/\/www.gabinetmodernista.com\/ca\/wp-json\/wp\/v2\/product\/8223","targetHints":{"allow":["GET"]}}],"collection":[{"href":"https:\/\/www.gabinetmodernista.com\/ca\/wp-json\/wp\/v2\/product"}],"about":[{"href":"https:\/\/www.gabinetmodernista.com\/ca\/wp-json\/wp\/v2\/types\/product"}],"wp:featuredmedia":[{"embeddable":true,"href":"https:\/\/www.gabinetmodernista.com\/ca\/wp-json\/wp\/v2\/media\/8186"}],"wp:attachment":[{"href":"https:\/\/www.gabinetmodernista.com\/ca\/wp-json\/wp\/v2\/media?parent=8223"}],"wp:term":[{"taxonomy":"product_brand","embeddable":true,"href":"https:\/\/www.gabinetmodernista.com\/ca\/wp-json\/wp\/v2\/product_brand?post=8223"},{"taxonomy":"product_cat","embeddable":true,"href":"https:\/\/www.gabinetmodernista.com\/ca\/wp-json\/wp\/v2\/product_cat?post=8223"},{"taxonomy":"product_tag","embeddable":true,"href":"https:\/\/www.gabinetmodernista.com\/ca\/wp-json\/wp\/v2\/product_tag?post=8223"}],"curies":[{"name":"wp","href":"https:\/\/api.w.org\/{rel}","templated":true}]}}