{"id":8835,"date":"2025-10-14T11:03:04","date_gmt":"2025-10-14T09:03:04","guid":{"rendered":"https:\/\/www.gabinetmodernista.com\/cistella\/"},"modified":"2026-01-02T18:07:39","modified_gmt":"2026-01-02T16:07:39","slug":"cistella","status":"publish","type":"page","link":"https:\/\/www.gabinetmodernista.com\/ca\/cistella\/","title":{"rendered":"Cistella"},"content":{"rendered":"\r\n<div data-block-name=\"woocommerce\/cart\" data-translated-with-w-p-m-l-t-m=\"1\" class=\"wp-block-woocommerce-cart alignwide is-loading\">\r\n<div data-block-name=\"woocommerce\/filled-cart-block\" data-translated-with-w-p-m-l-t-m=\"1\" class=\"wp-block-woocommerce-filled-cart-block\">\r\n<div data-block-name=\"woocommerce\/cart-items-block\" data-translated-with-w-p-m-l-t-m=\"1\" class=\"wp-block-woocommerce-cart-items-block\">\n<div data-block-name=\"woocommerce\/cart-line-items-block\" data-translated-with-w-p-m-l-t-m=\"1\" class=\"wp-block-woocommerce-cart-line-items-block\"> <\/div>\n\r\n\r\n<\/div>\r\n\r\n\r\n\r\n<div data-block-name=\"woocommerce\/cart-totals-block\" data-translated-with-w-p-m-l-t-m=\"1\" class=\"wp-block-woocommerce-cart-totals-block\">\r\n<div data-block-name=\"woocommerce\/cart-order-summary-block\" data-translated-with-w-p-m-l-t-m=\"1\" class=\"wp-block-woocommerce-cart-order-summary-block\">\r\n<div data-block-name=\"woocommerce\/cart-order-summary-heading-block\" class=\"wp-block-woocommerce-cart-order-summary-heading-block\">\u00a0<\/div>\r\n\r\n\r<div data-block-name=\"woocommerce\/cart-order-summary-coupon-form-block\" data-translated-with-w-p-m-l-t-m=\"1\" class=\"wp-block-woocommerce-cart-order-summary-coupon-form-block\"> <\/div>\n\r\n\r\n\r\n\r\n\r\n\r\n\r\n\r\n\r\n\r<div data-block-name=\"woocommerce\/cart-order-summary-totals-block\" class=\"wp-block-woocommerce-cart-order-summary-totals-block\">\n<div data-block-name=\"woocommerce\/cart-order-summary-subtotal-block\" data-translated-with-w-p-m-l-t-m=\"1\" class=\"wp-block-woocommerce-cart-order-summary-subtotal-block\"> <\/div>\n<div data-block-name=\"woocommerce\/cart-order-summary-discount-block\" data-translated-with-w-p-m-l-t-m=\"1\" class=\"wp-block-woocommerce-cart-order-summary-discount-block\"> <\/div>\n<div data-block-name=\"woocommerce\/cart-order-summary-fee-block\" data-translated-with-w-p-m-l-t-m=\"1\" class=\"wp-block-woocommerce-cart-order-summary-fee-block\"> <\/div>\n<div data-block-name=\"woocommerce\/cart-order-summary-shipping-block\" data-translated-with-w-p-m-l-t-m=\"1\" class=\"wp-block-woocommerce-cart-order-summary-shipping-block\"> <\/div>\n<div data-block-name=\"woocommerce\/cart-order-summary-taxes-block\" data-translated-with-w-p-m-l-t-m=\"1\" class=\"wp-block-woocommerce-cart-order-summary-taxes-block\"> <\/div><\/div>\n<\/div>\r\n\r\n\r\n\n<div data-block-name=\"woocommerce\/cart-express-payment-block\" data-button-border-radius=\"4\" data-button-height=\"48\" data-show-button-styles=\"false\" data-translated-with-w-p-m-l-t-m=\"1\" class=\"wp-block-woocommerce-cart-express-payment-block\"> <\/div>\n\r\n\r\n\r\n<div data-block-name=\"woocommerce\/proceed-to-checkout-block\" class=\"wp-block-woocommerce-proceed-to-checkout-block\">\u00a0<\/div>\r\n\r\n\r\n\n<div data-block-name=\"woocommerce\/cart-accepted-payment-methods-block\" data-translated-with-w-p-m-l-t-m=\"1\" class=\"wp-block-woocommerce-cart-accepted-payment-methods-block\"> <\/div>\n<\/div>\r\n<\/div>\r\n\r\n\r\n\r\n<div data-block-name=\"woocommerce\/empty-cart-block\" data-translated-with-w-p-m-l-t-m=\"1\" class=\"wp-block-woocommerce-empty-cart-block\">\n<h2 class=\"wp-block-heading has-text-align-center with-empty-cart-icon wc-block-cart__empty-cart__title\">La teva cistella est\u00e0 actualment buida!<\/h2>\n\r\n\r\n<hr class=\"wp-block-separator has-alpha-channel-opacity is-style-dots\" \/>\r\n\r\n\n<h2 class=\"wp-block-heading has-text-align-center\">Nou a la botiga<\/h2>\n\r\n\r\n<div data-block-name=\"woocommerce\/product-new\" data-columns=\"4\" data-rows=\"1\" class=\"wc-block-grid wp-block-product-new wp-block-woocommerce-product-new wc-block-product-new has-4-columns\"><ul class=\"wc-block-grid__products\"><li class=\"wc-block-grid__product\">\n\t\t\t\t<a href=\"https:\/\/www.gabinetmodernista.com\/ca\/producto\/pieza-puerta-casa-mila\/\" class=\"wc-block-grid__product-link\">\n\t\t\t\t\t\n\t\t\t\t\t<div class=\"wc-block-grid__product-image\"><img loading=\"lazy\" decoding=\"async\" width=\"800\" height=\"800\" src=\"https:\/\/www.gabinetmodernista.com\/wp-content\/uploads\/2025\/12\/Peca-porta-Casa-Mila-1-800x800.jpg\" class=\"attachment-woocommerce_thumbnail size-woocommerce_thumbnail\" alt=\"PIEZA PUERTA CASA MIL\u00c0\" srcset=\"https:\/\/www.gabinetmodernista.com\/wp-content\/uploads\/2025\/12\/Peca-porta-Casa-Mila-1-800x800.jpg 800w, https:\/\/www.gabinetmodernista.com\/wp-content\/uploads\/2025\/12\/Peca-porta-Casa-Mila-1-200x200.jpg 200w, https:\/\/www.gabinetmodernista.com\/wp-content\/uploads\/2025\/12\/Peca-porta-Casa-Mila-1-100x100.jpg 100w\" sizes=\"auto, (max-width: 800px) 100vw, 800px\" \/><\/div>\n\t\t\t\t\t<div class=\"wc-block-grid__product-title\">PIEZA PUERTA CASA MIL\u00c0<\/div>\n\t\t\t\t<\/a>\n\t\t\t\t<div class=\"wc-block-grid__product-price price\"><span class=\"woocommerce-Price-amount amount\">3.025,00&nbsp;<span class=\"woocommerce-Price-currencySymbol\">&euro;<\/span><\/span><\/div>\n\t\t\t\t\n\t\t\t\t<div class=\"wp-block-button wc-block-grid__product-add-to-cart\"><a href=\"\/ca\/wp-json\/wp\/v2\/pages\/8835?add-to-cart=8841\" aria-label=\"Afegeix a la cistella: &ldquo;PIEZA PUERTA CASA MIL\u00c0&rdquo;\" data-quantity=\"1\" data-product_id=\"8841\" data-product_sku=\"\" data-price=\"3025\" rel=\"nofollow\" class=\"wp-block-button__link  add_to_cart_button ajax_add_to_cart\">Afegeix a la cistella<\/a><\/div>\n\t\t\t<\/li><li class=\"wc-block-grid__product\">\n\t\t\t\t<a href=\"https:\/\/www.gabinetmodernista.com\/ca\/producto\/baldosa-casa-vicens-con-marco\/\" class=\"wc-block-grid__product-link\">\n\t\t\t\t\t\n\t\t\t\t\t<div class=\"wc-block-grid__product-image\"><img loading=\"lazy\" decoding=\"async\" width=\"800\" height=\"800\" src=\"https:\/\/www.gabinetmodernista.com\/wp-content\/uploads\/2025\/11\/GM-Original-Tile-Casa-Vicens-800x800.jpg\" class=\"attachment-woocommerce_thumbnail size-woocommerce_thumbnail\" alt=\"BALDOSA CASA VICENS\" srcset=\"https:\/\/www.gabinetmodernista.com\/wp-content\/uploads\/2025\/11\/GM-Original-Tile-Casa-Vicens-800x800.jpg 800w, https:\/\/www.gabinetmodernista.com\/wp-content\/uploads\/2025\/11\/GM-Original-Tile-Casa-Vicens-200x200.jpg 200w, https:\/\/www.gabinetmodernista.com\/wp-content\/uploads\/2025\/11\/GM-Original-Tile-Casa-Vicens-100x100.jpg 100w\" sizes=\"auto, (max-width: 800px) 100vw, 800px\" \/><\/div>\n\t\t\t\t\t<div class=\"wc-block-grid__product-title\">BALDOSA CASA VICENS<\/div>\n\t\t\t\t<\/a>\n\t\t\t\t<div class=\"wc-block-grid__product-price price\"><span class=\"woocommerce-Price-amount amount\" aria-hidden=\"true\">42,00&nbsp;<span class=\"woocommerce-Price-currencySymbol\">&euro;<\/span><\/span> <span aria-hidden=\"true\">&ndash;<\/span> <span class=\"woocommerce-Price-amount amount\" aria-hidden=\"true\">48,00&nbsp;<span class=\"woocommerce-Price-currencySymbol\">&euro;<\/span><\/span><span class=\"screen-reader-text\">Interval de preus: 42,00&nbsp;&euro; a 48,00&nbsp;&euro;<\/span><\/div>\n\t\t\t\t\n\t\t\t\t<div class=\"wp-block-button wc-block-grid__product-add-to-cart\"><a href=\"https:\/\/www.gabinetmodernista.com\/ca\/producto\/baldosa-casa-vicens-con-marco\/\" aria-label=\"Selecciona opcions per a &ldquo;BALDOSA CASA VICENS&rdquo;\" data-quantity=\"1\" data-product_id=\"8840\" data-product_sku=\"\" data-price=\"42\" rel=\"nofollow\" class=\"wp-block-button__link  add_to_cart_button\">Selecciona opcions<\/a><\/div>\n\t\t\t<\/li><li class=\"wc-block-grid__product\">\n\t\t\t\t<a href=\"https:\/\/www.gabinetmodernista.com\/ca\/producto\/vitrall-angel-amb-violii-sagrada-familia\/\" class=\"wc-block-grid__product-link\">\n\t\t\t\t\t\n\t\t\t\t\t<div class=\"wc-block-grid__product-image\"><img loading=\"lazy\" decoding=\"async\" width=\"800\" height=\"800\" src=\"https:\/\/www.gabinetmodernista.com\/wp-content\/uploads\/2025\/12\/Angelet-violi-2026-800x800.jpg\" class=\"attachment-woocommerce_thumbnail size-woocommerce_thumbnail\" alt=\"VITRALL \u00c0NGEL amb VIOL\u00cd SAGRADA FAM\u00cdLIA\" srcset=\"https:\/\/www.gabinetmodernista.com\/wp-content\/uploads\/2025\/12\/Angelet-violi-2026-800x800.jpg 800w, https:\/\/www.gabinetmodernista.com\/wp-content\/uploads\/2025\/12\/Angelet-violi-2026-200x200.jpg 200w, https:\/\/www.gabinetmodernista.com\/wp-content\/uploads\/2025\/12\/Angelet-violi-2026-100x100.jpg 100w\" sizes=\"auto, (max-width: 800px) 100vw, 800px\" \/><\/div>\n\t\t\t\t\t<div class=\"wc-block-grid__product-title\">VITRALL \u00c0NGEL amb VIOL\u00cd SAGRADA FAM\u00cdLIA<\/div>\n\t\t\t\t<\/a>\n\t\t\t\t<div class=\"wc-block-grid__product-price price\"><span class=\"woocommerce-Price-amount amount\">5.431,00&nbsp;<span class=\"woocommerce-Price-currencySymbol\">&euro;<\/span><\/span><\/div>\n\t\t\t\t\n\t\t\t\t<div class=\"wp-block-button wc-block-grid__product-add-to-cart\"><a href=\"\/ca\/wp-json\/wp\/v2\/pages\/8835?add-to-cart=9762\" aria-label=\"Afegeix a la cistella: &ldquo;VITRALL \u00c0NGEL amb VIOL\u00cd SAGRADA FAM\u00cdLIA&rdquo;\" data-quantity=\"1\" data-product_id=\"9762\" data-product_sku=\"\" data-price=\"5431\" rel=\"nofollow\" class=\"wp-block-button__link  add_to_cart_button ajax_add_to_cart\">Afegeix a la cistella<\/a><\/div>\n\t\t\t<\/li><li class=\"wc-block-grid__product\">\n\t\t\t\t<a href=\"https:\/\/www.gabinetmodernista.com\/ca\/producto\/baldosa-casa-batllo-celeste\/\" class=\"wc-block-grid__product-link\">\n\t\t\t\t\t\n\t\t\t\t\t<div class=\"wc-block-grid__product-image\"><img loading=\"lazy\" decoding=\"async\" width=\"800\" height=\"800\" src=\"https:\/\/www.gabinetmodernista.com\/wp-content\/uploads\/2025\/12\/baldosa-patio-de-luces-grande-celeste-800x800.jpg\" class=\"attachment-woocommerce_thumbnail size-woocommerce_thumbnail\" alt=\"BALDOSA CASA BATLL\u00d3\" srcset=\"https:\/\/www.gabinetmodernista.com\/wp-content\/uploads\/2025\/12\/baldosa-patio-de-luces-grande-celeste-800x800.jpg 800w, https:\/\/www.gabinetmodernista.com\/wp-content\/uploads\/2025\/12\/baldosa-patio-de-luces-grande-celeste-200x200.jpg 200w, https:\/\/www.gabinetmodernista.com\/wp-content\/uploads\/2025\/12\/baldosa-patio-de-luces-grande-celeste-100x100.jpg 100w\" sizes=\"auto, (max-width: 800px) 100vw, 800px\" \/><\/div>\n\t\t\t\t\t<div class=\"wc-block-grid__product-title\">BALDOSA CASA BATLL\u00d3<\/div>\n\t\t\t\t<\/a>\n\t\t\t\t<div class=\"wc-block-grid__product-price price\"><span class=\"woocommerce-Price-amount amount\">76,00&nbsp;<span class=\"woocommerce-Price-currencySymbol\">&euro;<\/span><\/span><\/div>\n\t\t\t\t\n\t\t\t\t<div class=\"wp-block-button wc-block-grid__product-add-to-cart\"><a href=\"https:\/\/www.gabinetmodernista.com\/ca\/producto\/baldosa-casa-batllo-celeste\/\" aria-label=\"Selecciona opcions per a &ldquo;BALDOSA CASA BATLL\u00d3&rdquo;\" data-quantity=\"1\" data-product_id=\"8804\" data-product_sku=\"\" data-price=\"76\" rel=\"nofollow\" class=\"wp-block-button__link  add_to_cart_button\">Selecciona opcions<\/a><\/div>\n\t\t\t<\/li><\/ul><\/div><\/div>\r\n<\/div>\r\n","protected":false},"excerpt":{"rendered":"Potser est\u00e0s interessat en\u2026 \u00a0 \u00a0 La teva cistella est\u00e0 actualment buida! Nou a la botiga","protected":false},"author":1,"featured_media":0,"parent":0,"menu_order":0,"comment_status":"closed","ping_status":"closed","template":"","meta":{"_joinchat":[],"footnotes":""},"class_list":["post-8835","page","type-page","status-publish","hentry"],"_links":{"self":[{"href":"https:\/\/www.gabinetmodernista.com\/ca\/wp-json\/wp\/v2\/pages\/8835","targetHints":{"allow":["GET"]}}],"collection":[{"href":"https:\/\/www.gabinetmodernista.com\/ca\/wp-json\/wp\/v2\/pages"}],"about":[{"href":"https:\/\/www.gabinetmodernista.com\/ca\/wp-json\/wp\/v2\/types\/page"}],"author":[{"embeddable":true,"href":"https:\/\/www.gabinetmodernista.com\/ca\/wp-json\/wp\/v2\/users\/1"}],"replies":[{"embeddable":true,"href":"https:\/\/www.gabinetmodernista.com\/ca\/wp-json\/wp\/v2\/comments?post=8835"}],"version-history":[{"count":2,"href":"https:\/\/www.gabinetmodernista.com\/ca\/wp-json\/wp\/v2\/pages\/8835\/revisions"}],"predecessor-version":[{"id":9615,"href":"https:\/\/www.gabinetmodernista.com\/ca\/wp-json\/wp\/v2\/pages\/8835\/revisions\/9615"}],"wp:attachment":[{"href":"https:\/\/www.gabinetmodernista.com\/ca\/wp-json\/wp\/v2\/media?parent=8835"}],"curies":[{"name":"wp","href":"https:\/\/api.w.org\/{rel}","templated":true}]}}